{"id":65,"date":"2024-01-12T11:35:49","date_gmt":"2024-01-12T10:35:49","guid":{"rendered":"http:\/\/associationappas.com\/?page_id=65"},"modified":"2025-11-12T16:46:04","modified_gmt":"2025-11-12T15:46:04","slug":"scolaire","status":"publish","type":"page","link":"https:\/\/lappas.fr\/index.php\/accueil\/les-interventions\/scolaire\/","title":{"rendered":"Scolaire"},"content":{"rendered":"\n<h5 class=\"wp-block-heading has-text-align-center has-roboto-font-family coblocks-animate has-custom-font\" data-coblocks-animation=\"fadeIn\" style=\"font-family:Roboto\">Scolaire<\/h5>\n\n\n<div class=\"tpgb-empty-space tpgb-block-2bd5_65 \"><\/div>\n\n\n<div class=\"wp-block-tpgb-tp-image tpgb-image tpgb-block-3cec_65\"><figure class=\"tpgb-figure\"><img decoding=\"async\" src=\"http:\/\/associationappas.com\/wp-content\/uploads\/2024\/04\/SCOLAIRE-test-rectangle.jpg\" class=\"tpgb-img-inner\"\/><\/figure><\/div>\n\n\n<div class=\"tpgb-empty-space tpgb-block-4868_65 \"><\/div>\n\n\n<p class=\"has-text-align-justify has-roboto-font-family has-custom-font\" style=\"font-family:Roboto\">Les intervenant\u00b7e\u00b7s de l&#8217;APPAS interviennent rarement dans le cadre des activit\u00e9s p\u00e9riscolaires. Le plus souvent il s&#8217;agit d&#8217;interventions ponctuelles sur un ou plusieurs jours avec des \u00e9l\u00e8ves d&#8217;\u00e9coles, coll\u00e8ges ou lyc\u00e9es.<\/p>\n\n\n<div class=\"tpgb-empty-space tpgb-block-7a45_65 \"><\/div>\n\n\n<h5 class=\"wp-block-heading has-text-align-center has-roboto-font-family coblocks-animate has-custom-font\" data-coblocks-animation=\"fadeIn\" style=\"font-family:Roboto\">Quelques exemples d\u2019actions<\/h5>\n\n\n<div class=\"tpgb-empty-space tpgb-block-5ee6_65 \"><\/div>\n\n\n<p class=\"has-roboto-font-family has-custom-font\" style=\"font-family:Roboto\">En 2022, la <a href=\"https:\/\/lappas.fr\/index.php\/accueil\/bleu-de-lune\/\" target=\"_blank\" rel=\"noreferrer noopener\">Cie Bleu de Lune<\/a> est intervenue \u00e0 l&#8217;\u00e9cole Louis Le Ch\u00e2telier de Caen pour l&#8217;enregistrement de comptines dans la langue maternelle des parents des \u00e9l\u00e8ves. <a href=\"https:\/\/lappas.fr\/wp-content\/uploads\/2024\/07\/APPAS_SCOLAIRE_GDD.pdf\" target=\"_blank\" rel=\"noreferrer noopener\">En savoir plus.<\/a><\/p>\n\n\n\n<p class=\"has-text-align-justify has-roboto-font-family has-custom-font\" style=\"font-family:Roboto\">En 2022, <a href=\"https:\/\/lappas.fr\/wp-content\/uploads\/2024\/07\/APPAS_INTERVENANT_JulietteRobine.pdf\" target=\"_blank\" rel=\"noreferrer noopener\">Juliette Robine<\/a> et Olivier Riquart sont intervenus \u00e0 l&#8217;\u00e9cole primaire de Bretteville-sur-Odon pour la cr\u00e9ation d&#8217;un orchestre \u00e9ph\u00e9m\u00e8re sur un r\u00e9pertoire des musiques des Balkans. <a href=\"https:\/\/lappas.fr\/wp-content\/uploads\/2024\/07\/APPAS_SCOLAIRE_Bretteville.pdf\" target=\"_blank\" rel=\"noreferrer noopener nofollow\">En savoir plus<\/a>.<\/p>\n\n\n\n<p class=\"has-text-align-justify has-roboto-font-family has-custom-font\" style=\"font-family:Roboto\">En 2023, <a href=\"https:\/\/lappas.fr\/wp-content\/uploads\/2024\/07\/APPAS_INTERVENANT_MathieuTanguy.pdf\" target=\"_blank\" rel=\"noreferrer noopener\">Mathieu Tanguy<\/a> et Alexis Debeuf sont intervenus \u00e0 l&#8217;\u00e9cole UEMA Michel Tr\u00e9gore de Caen pour la cr\u00e9ation d&#8217;une installation interactive plastique et sonore avec des \u00e9l\u00e8ves porteurs de troubles du spectacle autistique. <a href=\"https:\/\/lappas.fr\/wp-content\/uploads\/2024\/07\/APPAS_MILIEUXSPE_WIZZ.pdf\" target=\"_blank\" rel=\"noreferrer noopener nofollow\">En savoir plus<\/a>.<\/p>\n\n\n\n<p class=\"has-text-align-justify has-roboto-font-family has-custom-font\" style=\"font-family:Roboto\"><a href=\"https:\/\/lappas.fr\/wp-content\/uploads\/2024\/07\/APPAS_INTERVENANT_WenceslasBazemo.pdf\" target=\"_blank\" rel=\"noreferrer noopener\">Wenceslas Baz\u00e9mo<\/a> propose de cr\u00e9er un spectacle de Doum-Danse en milieu scolaire. <a href=\"https:\/\/lappas.fr\/wp-content\/uploads\/2024\/07\/APPAS_SCOLAIRE_DOUMDANSE.pdf\" target=\"_blank\" rel=\"noreferrer noopener\">En savoir plus<\/a>.<\/p>\n\n\n\n<p class=\"has-roboto-font-family has-custom-font\" style=\"font-family:Roboto\">En 2024, <a href=\"https:\/\/lappas.fr\/wp-content\/uploads\/2024\/07\/APPAS_INTERVENANT_CarolineFlamant.pdf\" target=\"_blank\" rel=\"noreferrer noopener\">Caroline Flamant<\/a> est intervenue \u00e0 l&#8217;\u00e9cole de Rots pour un projet en arts visuels et l&#8217;oralit\u00e9. <a href=\"https:\/\/lappas.fr\/wp-content\/uploads\/2024\/11\/APPAS_SCOLAIRE_Rots.pdf\" target=\"_blank\" rel=\"noreferrer noopener\">En savoir plus<\/a>.<\/p>\n\n\n\n<p class=\"has-roboto-font-family has-custom-font\" style=\"font-family:Roboto\">En 2025, <a href=\"https:\/\/lappas.fr\/wp-content\/uploads\/2024\/07\/APPAS_INTERVENANT_CarolineFlamant.pdf\" target=\"_blank\" rel=\"noreferrer noopener\">Caroline Flamant <\/a>est intervenue dans quatre \u00e9coles du Perche pour un projet en arts visuels et oralit\u00e9. <a href=\"https:\/\/lappas.fr\/wp-content\/uploads\/2025\/05\/APPAS_SCOLAIRE_Perche.pdf\" target=\"_blank\" rel=\"noreferrer noopener\">En savoir plus<\/a>.<\/p>\n\n\n\n<p class=\"has-roboto-font-family has-custom-font\" style=\"font-family:Roboto\">En 2025, <a href=\"https:\/\/lappas.fr\/wp-content\/uploads\/2024\/07\/APPAS_INTERVENANT_AmelieDelaunay.pdf\" target=\"_blank\" rel=\"noreferrer noopener\">Am\u00e9lie Delaunay<\/a> et <a href=\"https:\/\/lappas.fr\/wp-content\/uploads\/2024\/07\/APPAS_INTERVENANT_MathieuTanguy.pdf\" target=\"_blank\" rel=\"noreferrer noopener\">Mathieu Tanguy<\/a> sont intervenus \u00e0 l&#8217;\u00e9cole de Rots pour un projet de cr\u00e9ation de chansons. <a href=\"https:\/\/lappas.fr\/wp-content\/uploads\/2025\/11\/APPAS-SCOLAIRE-JUMELAGE.pdf\" target=\"_blank\" rel=\"noreferrer noopener\">En savoir plus<\/a>.<\/p>\n\n\n\n<p class=\"has-roboto-font-family has-custom-font\" style=\"font-family:Roboto\">En 2025, <a href=\"https:\/\/lappas.fr\/wp-content\/uploads\/2024\/06\/APPAS_INTERVENANT_ElodieHuet.pdf\" target=\"_blank\" rel=\"noreferrer noopener\">Elodie Huet<\/a> et Khalifa Belouzaa sont intervenus \u00e0 l&#8217;\u00e9cole Freinet d&#8217;H\u00e9rouville Saint Clair pour une projet m\u00ealant chansons, po\u00e8mes et sayn\u00e8tes. <a href=\"https:\/\/lappas.fr\/wp-content\/uploads\/2025\/11\/APPAS-SCOLAIRE-BoucBigoudis.pdf\" target=\"_blank\" rel=\"noreferrer noopener\">En  savoir plus<\/a>.<\/p>\n\n\n<div class=\"tpgb-empty-space tpgb-block-8f5b_65 \"><\/div>\n\n\n<h5 class=\"wp-block-heading has-text-align-center has-roboto-font-family coblocks-animate has-custom-font\" data-coblocks-animation=\"fadeIn\" style=\"font-family:Roboto\">Qui intervient o\u00f9 ?<\/h5>\n\n\n<div class=\"tpgb-empty-space tpgb-block-f61f_65 \"><\/div>\n\n\n<p class=\"has-text-align-justify has-roboto-font-family has-custom-font\" style=\"font-family:Roboto\"><a href=\"https:\/\/lappas.fr\/wp-content\/uploads\/2024\/07\/APPAS_INTERVENANT_BenjaminAndre.pdf\" target=\"_blank\" rel=\"noreferrer noopener\">Benjamin Andr\u00e9<\/a>, <a href=\"https:\/\/lappas.fr\/wp-content\/uploads\/2024\/06\/APPAS_INTERVENANT_ElineLandon.pdf\" target=\"_blank\" rel=\"noreferrer noopener\">Eline Landon<\/a>, <a href=\"https:\/\/lappas.fr\/wp-content\/uploads\/2024\/07\/APPAS_INTERVENANT_JulietteRobine.pdf\" target=\"_blank\" rel=\"noreferrer noopener\">Juliette Robine<\/a>, <a href=\"https:\/\/lappas.fr\/wp-content\/uploads\/2024\/07\/APPAS_INTERVENANT_MathieuTanguy.pdf\" target=\"_blank\" rel=\"noreferrer noopener\">Mathieu Tanguy<\/a>, <a href=\"https:\/\/lappas.fr\/wp-content\/uploads\/2024\/06\/APPAS_INTERVENANT_MyriamTual.pdf\" target=\"_blank\" rel=\"noreferrer noopener\">Myriam Tual<\/a>, <a href=\"https:\/\/lappas.fr\/wp-content\/uploads\/2024\/06\/APPAS_INTERVENANT_MarionMotte.pdf\" target=\"_blank\" rel=\"noreferrer noopener\">Marion Motte<\/a>, <a href=\"https:\/\/lappas.fr\/wp-content\/uploads\/2024\/06\/APPAS_INTERVENANT_AurelieLecorps.pdf\" target=\"_blank\" rel=\"noreferrer noopener\">Aur\u00e9lie Lecorps<\/a>, <a href=\"https:\/\/lappas.fr\/wp-content\/uploads\/2024\/06\/APPAS_INTERVENANT_BenoitBuisson.pdf\" target=\"_blank\" rel=\"noreferrer noopener\">Beno\u00eet Buisson<\/a>, <a href=\"https:\/\/lappas.fr\/wp-content\/uploads\/2024\/07\/APPAS_INTERVENANT_CarolineFlamant.pdf\" target=\"_blank\" rel=\"noreferrer noopener\">Caroline Flamant<\/a>, <a href=\"https:\/\/lappas.fr\/wp-content\/uploads\/2024\/07\/APPAS_INTERVENANT_AmelieDelaunay.pdf\" target=\"_blank\" rel=\"noreferrer noopener\">Am\u00e9lie Delaunay<\/a>, <a href=\"https:\/\/lappas.fr\/wp-content\/uploads\/2024\/06\/APPAS_INTERVENANT_ElodieHuet.pdf\" target=\"_blank\" rel=\"noreferrer noopener\">Elodie Huet<\/a>, <a href=\"https:\/\/lappas.fr\/wp-content\/uploads\/2024\/07\/APPAS_INTERVENANT_EmmanuelDaviere.pdf\" target=\"_blank\" rel=\"noreferrer noopener\">Emmanuel Davi\u00e8re<\/a>, <a href=\"https:\/\/lappas.fr\/wp-content\/uploads\/2024\/06\/APPAS_INTERVENANT_MarionDanlos.pdf\" target=\"_blank\" rel=\"noreferrer noopener\">Marion Danlos<\/a>, <a href=\"https:\/\/lappas.fr\/wp-content\/uploads\/2024\/07\/APPAS_INTERVENANT_PhilippeGuitton.pdf\" target=\"_blank\" rel=\"noreferrer noopener\">Philippe Guitton<\/a> et <a href=\"https:\/\/lappas.fr\/wp-content\/uploads\/2024\/07\/APPAS_INTERVENANT_WenceslasBazemo.pdf\" target=\"_blank\" rel=\"noreferrer noopener\">Wenceslas Baz\u00e9mo<\/a> interviennent r\u00e9guli\u00e8rement dans le p\u00f4le Scolaire.<\/p>\n\n\n\n<p class=\"has-text-align-justify has-roboto-font-family has-custom-font\" style=\"font-family:Roboto\">Sur la carte ci-dessous, passez votre souris sur les marqueurs pour d\u00e9couvrir les interventions du p\u00f4le Scolaire.<\/p>\n\n\n<div class=\"tpgb-empty-space tpgb-block-4f77_65 \"><\/div>\n\n<style type=\"text\/css\" id=\"umsMapStyles_7_92834\">\r\n\t#ultimate_maps_7_92834 {\r\n        width: 1500px;\r\n        height: 500px;\r\n\t        border: 0px solid ;\r\n        margin: 0px;\r\n    }\r\n\t#mapsControlsNum_7_92834 {\r\n\t\twidth:1500px\t}\r\n\t.umsMapDetailsContainer#umsMapDetailsContainer_7_92834 {\r\n\t\theight:500px;\r\n\t}\r\n\t.ums_MapPreview#ultimate_maps_7_92834 {\r\n\t\t\/*position:absolute;*\/\r\n\t\twidth:100%;\r\n\t}\r\n\t#mapConElem_7_92834{\r\n\t\twidth:1500px\t}\r\n\t<\/style>\r\n<div class=\"ums_map_opts\" id=\"mapConElem_7_92834\" data-id=\"7\" data-view-id=\"7_92834\" > <div class=\"umsMapDetailsContainer\" id=\"umsMapDetailsContainer_7_92834\"> <i class=\"umsKMLLayersPreloader fa fa-spinner fa-spin\" aria-hidden=\"true\" style=\"display: none;\"><\/i> <div class=\"ums_MapPreview \" id=\"ultimate_maps_7_92834\"><\/div> <\/div> <div class=\"umsMapMarkerFilters\" id=\"umsMapMarkerFilters_7_92834\"> <\/div> <div class=\"umsMapProControlsCon\" id=\"umsMapProControlsCon_7_92834\"> <\/div> <div class=\"umsMapProDirectionsCon\" id=\"umsMapProDirectionsCon_7_92834\" > <\/div> <div class=\"umsMapProKmlFilterCon\" id=\"umsMapProKmlFilterCon_7_92834\" > <\/div> <div class=\"umsSocialSharingShell umsSocialSharingShell_7_92834\"> <\/div> <div style=\"clear: both;\"><\/div> <\/div> \n\n\n<div class=\"tpgb-empty-space tpgb-block-9f3e_65 \"><\/div>\n\n<div class=\"tpgb-empty-space tpgb-block-b2f6_65 \"><\/div>","protected":false},"excerpt":{"rendered":"<p>Scolaire Les intervenant\u00b7e\u00b7s de l&#8217;APPAS interviennent rarement dans le cadre des activit\u00e9s p\u00e9riscolaires. Le plus souvent il s&#8217;agit d&#8217;interventions ponctuelles sur un ou plusieurs jours avec des \u00e9l\u00e8ves d&#8217;\u00e9coles, coll\u00e8ges ou lyc\u00e9es. Quelques exemples d\u2019actions En 2022, la Cie Bleu de Lune est intervenue \u00e0 l&#8217;\u00e9cole Louis Le Ch\u00e2telier de Caen pour l&#8217;enregistrement de comptines [&hellip;]<\/p>\n","protected":false},"author":1,"featured_media":0,"parent":20,"menu_order":0,"comment_status":"closed","ping_status":"closed","template":"","meta":{"tpgb_global_settings":"","hide_page_title":"enabled","_editorskit_title_hidden":false,"_editorskit_reading_time":0,"_editorskit_is_block_options_detached":false,"_editorskit_block_options_position":"{}","_coblocks_attr":"Roboto,Roboto","_coblocks_dimensions":"","_coblocks_responsive_height":"","_coblocks_accordion_ie_support":"","_regular_price":[],"currency_symbol":[],"footnotes":""},"class_list":["post-65","page","type-page","status-publish","hentry"],"post_slider_layout_featured_media_urls":{"thumbnail":"","post_slider_layout_landscape_large":"","post_slider_layout_portrait_large":"","post_slider_layout_square_large":"","post_slider_layout_landscape":"","post_slider_layout_portrait":"","post_slider_layout_square":"","full":""},"tpgb_featured_images":null,"tpgb_post_meta_info":{"get_date":"12 January 2024","author_name":"AssociationAppas","author_url":"https:\/\/lappas.fr\/index.php\/author\/associationappas\/","author_email":"scop.artsyndicate@gmail.com","author_website":"http:\/\/associationappas.com","author_description":"","author_facebook":"","author_twitter":"","author_instagram":"","author_role":["administrator"],"author_firstname":"","author_lastname":"","user_login":"AssociationAppas","author_avatar":"<img alt='' src='https:\/\/secure.gravatar.com\/avatar\/f8b52c323dbd6a3cb30c99dfbb329f322b6a9e85be0768ecd939fed311e8713c?s=200&#038;d=mm&#038;r=g' srcset='https:\/\/secure.gravatar.com\/avatar\/f8b52c323dbd6a3cb30c99dfbb329f322b6a9e85be0768ecd939fed311e8713c?s=400&#038;d=mm&#038;r=g 2x' class='avatar avatar-200 photo' height='200' width='200' decoding='async'\/>","author_avatar_url":"https:\/\/secure.gravatar.com\/avatar\/f8b52c323dbd6a3cb30c99dfbb329f322b6a9e85be0768ecd939fed311e8713c?s=96&d=mm&r=g","comment_count":0,"post_likes":0,"post_views":0},"tpgb_post_category":[],"_links":{"self":[{"href":"https:\/\/lappas.fr\/index.php\/wp-json\/wp\/v2\/pages\/65","targetHints":{"allow":["GET"]}}],"collection":[{"href":"https:\/\/lappas.fr\/index.php\/wp-json\/wp\/v2\/pages"}],"about":[{"href":"https:\/\/lappas.fr\/index.php\/wp-json\/wp\/v2\/types\/page"}],"author":[{"embeddable":true,"href":"https:\/\/lappas.fr\/index.php\/wp-json\/wp\/v2\/users\/1"}],"replies":[{"embeddable":true,"href":"https:\/\/lappas.fr\/index.php\/wp-json\/wp\/v2\/comments?post=65"}],"version-history":[{"count":41,"href":"https:\/\/lappas.fr\/index.php\/wp-json\/wp\/v2\/pages\/65\/revisions"}],"predecessor-version":[{"id":1270,"href":"https:\/\/lappas.fr\/index.php\/wp-json\/wp\/v2\/pages\/65\/revisions\/1270"}],"up":[{"embeddable":true,"href":"https:\/\/lappas.fr\/index.php\/wp-json\/wp\/v2\/pages\/20"}],"wp:attachment":[{"href":"https:\/\/lappas.fr\/index.php\/wp-json\/wp\/v2\/media?parent=65"}],"curies":[{"name":"wp","href":"https:\/\/api.w.org\/{rel}","templated":true}]}}