{"id":63,"date":"2024-01-12T11:35:39","date_gmt":"2024-01-12T10:35:39","guid":{"rendered":"http:\/\/associationappas.com\/?page_id=63"},"modified":"2025-11-12T15:29:48","modified_gmt":"2025-11-12T14:29:48","slug":"petite-enfance","status":"publish","type":"page","link":"https:\/\/lappas.fr\/index.php\/accueil\/les-interventions\/petite-enfance\/","title":{"rendered":"Petite enfance"},"content":{"rendered":"\n<h5 class=\"wp-block-heading has-text-align-center has-roboto-font-family coblocks-animate has-custom-font\" data-coblocks-animation=\"fadeIn\" style=\"font-family:Roboto\">Petite enfance<\/h5>\n\n\n<div class=\"tpgb-empty-space tpgb-block-96a1_63 \"><\/div>\n\n\n<div class=\"wp-block-tpgb-tp-image tpgb-image tpgb-block-619d_63\"><figure class=\"tpgb-figure\"><img decoding=\"async\" src=\"http:\/\/associationappas.com\/wp-content\/uploads\/2024\/04\/PETITE-ENFANCE-bis-test-rectangle.jpg\" class=\"tpgb-img-inner\"\/><\/figure><\/div>\n\n\n<div class=\"tpgb-empty-space tpgb-block-ef80_63 \"><\/div>\n\n\n<p class=\"has-text-align-justify has-roboto-font-family has-custom-font\" style=\"font-family:Roboto\">Beaucoup des interventions propos\u00e9es par l&#8217;APPAS sont des interventions pour les plus petits, de la naissance \u00e0 6 ans. Les lieux d&#8217;accueil sont par exemple les cr\u00e8ches, les haltes garderies, les multi-accueil, les centres socioculturels\u2026<\/p>\n\n\n<div class=\"tpgb-empty-space tpgb-block-5902_63 \"><\/div>\n\n\n<h5 class=\"wp-block-heading has-text-align-center has-roboto-font-family coblocks-animate has-custom-font\" data-coblocks-animation=\"fadeIn\" style=\"font-family:Roboto\">Quelques exemples d\u2019actions<\/h5>\n\n\n<div class=\"tpgb-empty-space tpgb-block-1b3c_63 \"><\/div>\n\n\n<p class=\"has-text-align-justify has-roboto-font-family has-custom-font\" style=\"font-family:Roboto\">En 2022, <a href=\"https:\/\/lappas.fr\/wp-content\/uploads\/2024\/07\/APPAS_INTERVENANT_CarolineFlamant.pdf\" target=\"_blank\" rel=\"noreferrer noopener\">Caroline Flamant<\/a> et <a href=\"https:\/\/lappas.fr\/wp-content\/uploads\/2024\/07\/APPAS_INTERVENANT_SeverineLebrun.pdf\" target=\"_blank\" rel=\"noreferrer noopener\">S\u00e9verine Lebrun<\/a> sont intervenues aupr\u00e8s de la micro-cr\u00e8che La Bambinerie de la Pierre Heuz\u00e9 \u00e0 Caen pour cr\u00e9er une forme th\u00e9\u00e2tralis\u00e9e sur la d\u00e9couverte des sens. <a href=\"https:\/\/lappas.fr\/wp-content\/uploads\/2024\/07\/APPAS_PETITE-ENFANCE_PierreHeuze.pdf\" target=\"_blank\" rel=\"noreferrer noopener nofollow\">En savoir plus<\/a>.<\/p>\n\n\n\n<p class=\"has-text-align-justify has-roboto-font-family has-custom-font\" style=\"font-family:Roboto\">En 2023, <a href=\"https:\/\/lappas.fr\/wp-content\/uploads\/2024\/07\/APPAS_INTERVENANT_Marie-PauleBonnemason.pdf\" target=\"_blank\" rel=\"noreferrer noopener\">Marie-Paule Bonnemason<\/a> et Sarah L\u00e9v\u00eaque sont intervenues au RPE de Quettreville-sur-Sienne pour cr\u00e9er un spectacle participatif autour de l&#8217;op\u00e9ra adapt\u00e9 \u00e0 la petite enfance. <a href=\"https:\/\/lappas.fr\/wp-content\/uploads\/2024\/07\/APPAS_PETITE-ENFANCE_Quettreville.pdf\" target=\"_blank\" rel=\"noreferrer noopener\">En savoir plus<\/a>.<\/p>\n\n\n\n<p class=\"has-roboto-font-family has-custom-font\" style=\"font-family:Roboto\">En 2023, <a href=\"https:\/\/lappas.fr\/wp-content\/uploads\/2024\/06\/APPAS_INTERVENANT_AurelieLecorps.pdf\" target=\"_blank\" rel=\"noreferrer noopener\">Aur\u00e9lie Lecorps<\/a> et Pauline Madeline sont intervenues dans la cr\u00e8che et au RPE d&#8217;Evrecy pour cr\u00e9er un spectacle d&#8217;ombres et lumi\u00e8res inspir\u00e9 du conte &#8220;Boucle d&#8217;or&#8221;. <a href=\"https:\/\/lappas.fr\/wp-content\/uploads\/2025\/11\/APPAS_PETITE-ENFANCE_Evrecy.pdf\" target=\"_blank\" rel=\"noreferrer noopener\">En savoir plus<\/a>.<\/p>\n\n\n\n<p class=\"has-roboto-font-family has-custom-font\" style=\"font-family:Roboto\">En 2024, <a href=\"https:\/\/lappas.fr\/wp-content\/uploads\/2024\/07\/APPAS_INTERVENANT_Marie-PauleBonnemason.pdf\" target=\"_blank\" rel=\"noreferrer noopener\">Marie-Paule Bonnemason<\/a> et Sarah L\u00e9v\u00eaque sont intervenues au RPE de M\u00e9zidon Vall\u00e9e d&#8217;Auge pour cr\u00e9er un tapis d&#8217;\u00e9veil visuel et sonore autour de l\u2019\u0153uvre du Petit Prince de Saint-Exup\u00e9ry. <a href=\"https:\/\/lappas.fr\/wp-content\/uploads\/2025\/05\/APPAS_PETITE-ENFANCE_Mezidon-1.pdf\" target=\"_blank\" rel=\"noreferrer noopener\">En savoir plus<\/a>.<\/p>\n\n\n\n<p class=\"has-roboto-font-family has-custom-font\" style=\"font-family:Roboto\">En 2024, <a href=\"https:\/\/lappas.fr\/wp-content\/uploads\/2024\/07\/APPAS_INTERVENANT_JulietteRobine.pdf\" target=\"_blank\" rel=\"noreferrer noopener\">Juliette Robine<\/a> et <a href=\"https:\/\/lappas.fr\/wp-content\/uploads\/2024\/07\/APPAS_INTERVENANT_SeverineLebrun.pdf\" target=\"_blank\" rel=\"noreferrer noopener\">S\u00e9verine Lebrun<\/a> sont intervenues \u00e0 la cr\u00e8che &#8220;La Capucine&#8221; du Calvaire Saint Pierre de Caen pour une cr\u00e9ation d\u00e9di\u00e9e \u00e0 la richesse culturelle par le collectage de chants. <a href=\"https:\/\/lappas.fr\/wp-content\/uploads\/2025\/05\/APPAS_PETITE-ENFANCE-Capucine.pdf\">En savoir plus<\/a>.<\/p>\n\n\n<div class=\"tpgb-empty-space tpgb-block-fc5b_63 \"><\/div>\n\n\n<h5 class=\"wp-block-heading has-text-align-center has-roboto-font-family coblocks-animate has-custom-font\" data-coblocks-animation=\"fadeIn\" style=\"font-family:Roboto\">Qui intervient o\u00f9 ?<\/h5>\n\n\n<div class=\"tpgb-empty-space tpgb-block-5062_63 \"><\/div>\n\n\n<p class=\"has-text-align-justify has-roboto-font-family has-custom-font\" style=\"font-family:Roboto\">La <a href=\"https:\/\/lappas.fr\/index.php\/accueil\/bleu-de-lune\/\" target=\"_blank\" rel=\"noreferrer noopener\">Cie Bleu de Lune<\/a>, <a href=\"https:\/\/lappas.fr\/wp-content\/uploads\/2024\/07\/APPAS_INTERVENANT_BenjaminAndre.pdf\" target=\"_blank\" rel=\"noreferrer noopener\">Benjamin Andr\u00e9<\/a>, <a href=\"https:\/\/lappas.fr\/wp-content\/uploads\/2024\/06\/APPAS_INTERVENANT_ElineLandon.pdf\" target=\"_blank\" rel=\"noreferrer noopener\">Eline Landon<\/a>, <a href=\"https:\/\/lappas.fr\/wp-content\/uploads\/2024\/07\/APPAS_INTERVENANT_JulietteRobine.pdf\" target=\"_blank\" rel=\"noreferrer noopener\">Juliette Robine<\/a>, <a href=\"https:\/\/lappas.fr\/wp-content\/uploads\/2024\/07\/APPAS_INTERVENANT_MathieuTanguy.pdf\" target=\"_blank\" rel=\"noreferrer noopener\">Mathieu Tanguy<\/a>, <a href=\"https:\/\/lappas.fr\/wp-content\/uploads\/2024\/06\/APPAS_INTERVENANT_MyriamTual.pdf\" target=\"_blank\" rel=\"noreferrer noopener\">Myriam Tual<\/a>, <a href=\"https:\/\/lappas.fr\/wp-content\/uploads\/2024\/07\/APPAS_INTERVENANT_SeverineLebrun.pdf\" target=\"_blank\" rel=\"noreferrer noopener\">S\u00e9verine Lebrun<\/a>, <a href=\"https:\/\/lappas.fr\/wp-content\/uploads\/2024\/06\/APPAS_INTERVENANT_MarionMotte.pdf\" target=\"_blank\" rel=\"noreferrer noopener\">Marion Motte<\/a>, <a href=\"https:\/\/lappas.fr\/wp-content\/uploads\/2024\/06\/APPAS_INTERVENANT_AurelieLecorps.pdf\" target=\"_blank\" rel=\"noreferrer noopener\">Aur\u00e9lie Lecorps<\/a>, <a href=\"https:\/\/lappas.fr\/wp-content\/uploads\/2024\/07\/APPAS_INTERVENANT_CarolineFlamant.pdf\" target=\"_blank\" rel=\"noreferrer noopener\">Caroline Flamant<\/a>, <a href=\"https:\/\/lappas.fr\/wp-content\/uploads\/2024\/07\/APPAS_INTERVENANT_Marie-PauleBonnemason.pdf\" target=\"_blank\" rel=\"noreferrer noopener\">Marie-Paule Bonnemason<\/a>, <a href=\"https:\/\/lappas.fr\/wp-content\/uploads\/2024\/07\/APPAS_INTERVENANT_AmelieDelaunay.pdf\" target=\"_blank\" rel=\"noreferrer noopener\">Am\u00e9lie Delaunay<\/a>, <a href=\"https:\/\/lappas.fr\/wp-content\/uploads\/2024\/06\/APPAS_INTERVENANT_ElodieHuet.pdf\" target=\"_blank\" rel=\"noreferrer noopener\">Elodie Huet<\/a> et <a href=\"https:\/\/lappas.fr\/wp-content\/uploads\/2024\/07\/APPAS_INTERVENANT_WenceslasBazemo.pdf\" target=\"_blank\" rel=\"noreferrer noopener\">Wenceslas Baz\u00e9mo<\/a> interviennent r\u00e9guli\u00e8rement dans le p\u00f4le Petite enfance.<\/p>\n\n\n\n<p class=\"has-text-align-justify has-roboto-font-family has-custom-font\" style=\"font-family:Roboto\">Sur la carte ci-dessous, passez votre souris sur les marqueurs pour d\u00e9couvrir les interventions du p\u00f4le <span style=\"background-color:#eb950b\" class=\"has-inline-background\">Petite enfance<\/span>.<\/p>\n\n\n<div class=\"tpgb-empty-space tpgb-block-5961_63 \"><\/div>\n\n<style type=\"text\/css\" id=\"umsMapStyles_8_13432\">\r\n\t#ultimate_maps_8_13432 {\r\n        width: 1500px;\r\n        height: 500px;\r\n\t        border: 0px solid ;\r\n        margin: 0px;\r\n    }\r\n\t#mapsControlsNum_8_13432 {\r\n\t\twidth:1500px\t}\r\n\t.umsMapDetailsContainer#umsMapDetailsContainer_8_13432 {\r\n\t\theight:500px;\r\n\t}\r\n\t.ums_MapPreview#ultimate_maps_8_13432 {\r\n\t\t\/*position:absolute;*\/\r\n\t\twidth:100%;\r\n\t}\r\n\t#mapConElem_8_13432{\r\n\t\twidth:1500px\t}\r\n\t<\/style>\r\n<div class=\"ums_map_opts\" id=\"mapConElem_8_13432\" data-id=\"8\" data-view-id=\"8_13432\" > <div class=\"umsMapDetailsContainer\" id=\"umsMapDetailsContainer_8_13432\"> <i class=\"umsKMLLayersPreloader fa fa-spinner fa-spin\" aria-hidden=\"true\" style=\"display: none;\"><\/i> <div class=\"ums_MapPreview \" id=\"ultimate_maps_8_13432\"><\/div> <\/div> <div class=\"umsMapMarkerFilters\" id=\"umsMapMarkerFilters_8_13432\"> <\/div> <div class=\"umsMapProControlsCon\" id=\"umsMapProControlsCon_8_13432\"> <\/div> <div class=\"umsMapProDirectionsCon\" id=\"umsMapProDirectionsCon_8_13432\" > <\/div> <div class=\"umsMapProKmlFilterCon\" id=\"umsMapProKmlFilterCon_8_13432\" > <\/div> <div class=\"umsSocialSharingShell umsSocialSharingShell_8_13432\"> <\/div> <div style=\"clear: both;\"><\/div> <\/div> \n\n\n<div class=\"tpgb-empty-space tpgb-block-c261_63 \"><\/div>\n\n<div class=\"tpgb-empty-space tpgb-block-1024_63 \"><\/div>","protected":false},"excerpt":{"rendered":"<p>Petite enfance Beaucoup des interventions propos\u00e9es par l&#8217;APPAS sont des interventions pour les plus petits, de la naissance \u00e0 6 ans. Les lieux d&#8217;accueil sont par exemple les cr\u00e8ches, les haltes garderies, les multi-accueil, les centres socioculturels\u2026 Quelques exemples d\u2019actions En 2022, Caroline Flamant et S\u00e9verine Lebrun sont intervenues aupr\u00e8s de la micro-cr\u00e8che La Bambinerie [&hellip;]<\/p>\n","protected":false},"author":1,"featured_media":0,"parent":20,"menu_order":0,"comment_status":"closed","ping_status":"closed","template":"","meta":{"tpgb_global_settings":"","hide_page_title":"enabled","_editorskit_title_hidden":false,"_editorskit_reading_time":0,"_editorskit_is_block_options_detached":false,"_editorskit_block_options_position":"{}","_coblocks_attr":"Roboto,Roboto","_coblocks_dimensions":"","_coblocks_responsive_height":"","_coblocks_accordion_ie_support":"","_regular_price":[],"currency_symbol":[],"footnotes":""},"class_list":["post-63","page","type-page","status-publish","hentry"],"post_slider_layout_featured_media_urls":{"thumbnail":"","post_slider_layout_landscape_large":"","post_slider_layout_portrait_large":"","post_slider_layout_square_large":"","post_slider_layout_landscape":"","post_slider_layout_portrait":"","post_slider_layout_square":"","full":""},"tpgb_featured_images":null,"tpgb_post_meta_info":{"get_date":"12 January 2024","author_name":"AssociationAppas","author_url":"https:\/\/lappas.fr\/index.php\/author\/associationappas\/","author_email":"scop.artsyndicate@gmail.com","author_website":"http:\/\/associationappas.com","author_description":"","author_facebook":"","author_twitter":"","author_instagram":"","author_role":["administrator"],"author_firstname":"","author_lastname":"","user_login":"AssociationAppas","author_avatar":"<img alt='' src='https:\/\/secure.gravatar.com\/avatar\/f8b52c323dbd6a3cb30c99dfbb329f322b6a9e85be0768ecd939fed311e8713c?s=200&#038;d=mm&#038;r=g' srcset='https:\/\/secure.gravatar.com\/avatar\/f8b52c323dbd6a3cb30c99dfbb329f322b6a9e85be0768ecd939fed311e8713c?s=400&#038;d=mm&#038;r=g 2x' class='avatar avatar-200 photo' height='200' width='200' decoding='async'\/>","author_avatar_url":"https:\/\/secure.gravatar.com\/avatar\/f8b52c323dbd6a3cb30c99dfbb329f322b6a9e85be0768ecd939fed311e8713c?s=96&d=mm&r=g","comment_count":0,"post_likes":0,"post_views":0},"tpgb_post_category":[],"_links":{"self":[{"href":"https:\/\/lappas.fr\/index.php\/wp-json\/wp\/v2\/pages\/63","targetHints":{"allow":["GET"]}}],"collection":[{"href":"https:\/\/lappas.fr\/index.php\/wp-json\/wp\/v2\/pages"}],"about":[{"href":"https:\/\/lappas.fr\/index.php\/wp-json\/wp\/v2\/types\/page"}],"author":[{"embeddable":true,"href":"https:\/\/lappas.fr\/index.php\/wp-json\/wp\/v2\/users\/1"}],"replies":[{"embeddable":true,"href":"https:\/\/lappas.fr\/index.php\/wp-json\/wp\/v2\/comments?post=63"}],"version-history":[{"count":36,"href":"https:\/\/lappas.fr\/index.php\/wp-json\/wp\/v2\/pages\/63\/revisions"}],"predecessor-version":[{"id":1261,"href":"https:\/\/lappas.fr\/index.php\/wp-json\/wp\/v2\/pages\/63\/revisions\/1261"}],"up":[{"embeddable":true,"href":"https:\/\/lappas.fr\/index.php\/wp-json\/wp\/v2\/pages\/20"}],"wp:attachment":[{"href":"https:\/\/lappas.fr\/index.php\/wp-json\/wp\/v2\/media?parent=63"}],"curies":[{"name":"wp","href":"https:\/\/api.w.org\/{rel}","templated":true}]}}