{"id":12,"date":"2022-12-05T11:16:21","date_gmt":"2022-12-05T10:16:21","guid":{"rendered":"http:\/\/associationappas.com\/?page_id=12"},"modified":"2024-07-01T14:24:02","modified_gmt":"2024-07-01T12:24:02","slug":"accueil","status":"publish","type":"page","link":"https:\/\/lappas.fr\/","title":{"rendered":"Accueil"},"content":{"rendered":"\n<h5 class=\"wp-block-heading has-text-align-center has-roboto-font-family coblocks-animate has-custom-font\" data-coblocks-animation=\"fadeIn\" style=\"font-family:Roboto\">L&#8217;APPAS est l\u2019Association pour la Promotion de la Pratique des Arts du Spectacle.<\/h5>\n\n\n<div class=\"tpgb-empty-space tpgb-block-2b5b_12 \"><\/div>\n\n\n<figure class=\"wp-block-image size-large coblocks-animate\" data-coblocks-animation=\"fadeIn\"><img fetchpriority=\"high\" decoding=\"async\" width=\"1024\" height=\"576\" src=\"http:\/\/associationappas.com\/wp-content\/uploads\/2024\/06\/ACCUEIL-1024x576.jpg\" alt=\"\" class=\"wp-image-976\" srcset=\"https:\/\/lappas.fr\/wp-content\/uploads\/2024\/06\/ACCUEIL-1024x576.jpg 1024w, https:\/\/lappas.fr\/wp-content\/uploads\/2024\/06\/ACCUEIL-300x169.jpg 300w, https:\/\/lappas.fr\/wp-content\/uploads\/2024\/06\/ACCUEIL-768x432.jpg 768w, https:\/\/lappas.fr\/wp-content\/uploads\/2024\/06\/ACCUEIL-1536x864.jpg 1536w, https:\/\/lappas.fr\/wp-content\/uploads\/2024\/06\/ACCUEIL.jpg 1920w\" sizes=\"(max-width: 1024px) 100vw, 1024px\" \/><\/figure>\n\n\n<div class=\"tpgb-empty-space tpgb-block-40b0_12 \"><\/div>\n\n\n<p class=\"has-text-align-justify has-roboto-font-family has-medium-font-size coblocks-animate has-custom-font\" style=\"padding-right:0px;padding-left:0px;font-family:Roboto\" data-coblocks-animation=\"fadeIn\">Cr\u00e9\u00e9e en 2004 et situ\u00e9e \u00e0 Caen, L\u2019APPAS souhaite promouvoir la pratique des arts vivants et visuels et en favoriser l&#8217;acc\u00e8s par le d\u00e9veloppement d&#8217;actions de m\u00e9diation culturelle men\u00e9es par des artistes professionnels.<\/p>\n\n\n\n<p class=\"has-text-align-justify has-roboto-font-family has-medium-font-size coblocks-animate has-custom-font\" style=\"padding-right:0px;padding-left:0px;font-family:Roboto\" data-coblocks-animation=\"fadeIn\">Notre activit\u00e9 principale est d&#8217;accompagner les artistes normands qui souhaitent d\u00e9velopper des actions de m\u00e9diation. Ainsi l&#8217;association regroupe, promeut et valorise une large proposition d&#8217;actions de m\u00e9diation artistique et culturelle.<\/p>\n\n\n\n<p class=\"has-text-align-justify has-roboto-font-family has-medium-font-size coblocks-animate has-custom-font\" style=\"padding-right:0px;padding-left:0px;font-family:Roboto\" data-coblocks-animation=\"fadeIn\">Notre site web est actuellement encore en construction mais vous pouvez d&#8217;ores et d\u00e9j\u00e0 y trouver des informations sur notre projet, nos diff\u00e9rentes interventions et les artistes qui les proposent.<\/p>\n\n\n\n<p><\/p>\n","protected":false},"excerpt":{"rendered":"<p>L&#8217;APPAS est l\u2019Association pour la Promotion de la Pratique des Arts du Spectacle. Cr\u00e9\u00e9e en 2004 et situ\u00e9e \u00e0 Caen, L\u2019APPAS souhaite promouvoir la pratique des arts vivants et visuels et en favoriser l&#8217;acc\u00e8s par le d\u00e9veloppement d&#8217;actions de m\u00e9diation culturelle men\u00e9es par des artistes professionnels. Notre activit\u00e9 principale est d&#8217;accompagner les artistes normands qui [&hellip;]<\/p>\n","protected":false},"author":1,"featured_media":0,"parent":0,"menu_order":0,"comment_status":"closed","ping_status":"closed","template":"","meta":{"tpgb_global_settings":"","hide_page_title":"enabled","_editorskit_title_hidden":true,"_editorskit_reading_time":0,"_editorskit_is_block_options_detached":false,"_editorskit_block_options_position":"{}","_coblocks_attr":"ArialTimes New Roman,Helvetica,Georgia,Abril Fatface,Anton,Arvo,Asap Condensed,Cormorant Garamond,Barlow,Faustina,Fira Sans,IBM Plex Sans,Inconsolata,Heebo,Karla,Lora,Lato,Merriweather,Montserrat,Noto Sans,Noto Serif,Open Sans,Oswald,Playfair Display,PT Serif,Rubik,Tajawal,Ubuntu,Yrsa,,Roboto","_coblocks_dimensions":"","_coblocks_responsive_height":"","_coblocks_accordion_ie_support":"","_regular_price":[],"currency_symbol":[],"footnotes":""},"class_list":["post-12","page","type-page","status-publish","hentry"],"post_slider_layout_featured_media_urls":{"thumbnail":"","post_slider_layout_landscape_large":"","post_slider_layout_portrait_large":"","post_slider_layout_square_large":"","post_slider_layout_landscape":"","post_slider_layout_portrait":"","post_slider_layout_square":"","full":""},"tpgb_featured_images":null,"tpgb_post_meta_info":{"get_date":"5 December 2022","author_name":"AssociationAppas","author_url":"https:\/\/lappas.fr\/index.php\/author\/associationappas\/","author_email":"scop.artsyndicate@gmail.com","author_website":"http:\/\/associationappas.com","author_description":"","author_facebook":"","author_twitter":"","author_instagram":"","author_role":["administrator"],"author_firstname":"","author_lastname":"","user_login":"AssociationAppas","author_avatar":"<img alt='' src='https:\/\/secure.gravatar.com\/avatar\/f8b52c323dbd6a3cb30c99dfbb329f322b6a9e85be0768ecd939fed311e8713c?s=200&#038;d=mm&#038;r=g' srcset='https:\/\/secure.gravatar.com\/avatar\/f8b52c323dbd6a3cb30c99dfbb329f322b6a9e85be0768ecd939fed311e8713c?s=400&#038;d=mm&#038;r=g 2x' class='avatar avatar-200 photo' height='200' width='200' decoding='async'\/>","author_avatar_url":"https:\/\/secure.gravatar.com\/avatar\/f8b52c323dbd6a3cb30c99dfbb329f322b6a9e85be0768ecd939fed311e8713c?s=96&d=mm&r=g","comment_count":0,"post_likes":0,"post_views":0},"tpgb_post_category":[],"_links":{"self":[{"href":"https:\/\/lappas.fr\/index.php\/wp-json\/wp\/v2\/pages\/12","targetHints":{"allow":["GET"]}}],"collection":[{"href":"https:\/\/lappas.fr\/index.php\/wp-json\/wp\/v2\/pages"}],"about":[{"href":"https:\/\/lappas.fr\/index.php\/wp-json\/wp\/v2\/types\/page"}],"author":[{"embeddable":true,"href":"https:\/\/lappas.fr\/index.php\/wp-json\/wp\/v2\/users\/1"}],"replies":[{"embeddable":true,"href":"https:\/\/lappas.fr\/index.php\/wp-json\/wp\/v2\/comments?post=12"}],"version-history":[{"count":31,"href":"https:\/\/lappas.fr\/index.php\/wp-json\/wp\/v2\/pages\/12\/revisions"}],"predecessor-version":[{"id":1075,"href":"https:\/\/lappas.fr\/index.php\/wp-json\/wp\/v2\/pages\/12\/revisions\/1075"}],"wp:attachment":[{"href":"https:\/\/lappas.fr\/index.php\/wp-json\/wp\/v2\/media?parent=12"}],"curies":[{"name":"wp","href":"https:\/\/api.w.org\/{rel}","templated":true}]}}